{"id":11,"date":"2024-04-30T10:04:42","date_gmt":"2024-04-30T08:04:42","guid":{"rendered":"https:\/\/isls.lihen-studenec.cz\/?page_id=11"},"modified":"2024-05-01T19:53:58","modified_gmt":"2024-05-01T17:53:58","slug":"portal","status":"publish","type":"page","link":"https:\/\/isls.lihen-studenec.cz\/","title":{"rendered":"Port\u00e1l"},"content":{"rendered":"\t\t<div data-elementor-type=\"wp-page\" data-elementor-id=\"11\" class=\"elementor elementor-11\" data-elementor-post-type=\"page\">\n\t\t\t\t<div class=\"elementor-element elementor-element-752c96f e-grid e-con-full e-con e-parent\" data-id=\"752c96f\" data-element_type=\"container\">\n\t\t\t\t<div class=\"elementor-element elementor-element-2b7a1f5 elementor-widget elementor-widget-button\" data-id=\"2b7a1f5\" data-element_type=\"widget\" data-widget_type=\"button.default\">\n\t\t\t\t<div class=\"elementor-widget-container\">\n\t\t\t\t\t\t\t\t\t<div class=\"elementor-button-wrapper\">\n\t\t\t\t\t<a class=\"elementor-button elementor-button-link elementor-size-sm\" href=\"https:\/\/isls.lihen-studenec.cz\/?wpsc-section=ticket-list\">\n\t\t\t\t\t\t<span class=\"elementor-button-content-wrapper\">\n\t\t\t\t\t\t<span class=\"elementor-button-icon\">\n\t\t\t\t<svg aria-hidden=\"true\" class=\"e-font-icon-svg e-fas-angle-double-left\" viewBox=\"0 0 448 512\" xmlns=\"http:\/\/www.w3.org\/2000\/svg\"><path d=\"M223.7 239l136-136c9.4-9.4 24.6-9.4 33.9 0l22.6 22.6c9.4 9.4 9.4 24.6 0 33.9L319.9 256l96.4 96.4c9.4 9.4 9.4 24.6 0 33.9L393.7 409c-9.4 9.4-24.6 9.4-33.9 0l-136-136c-9.5-9.4-9.5-24.6-.1-34zm-192 34l136 136c9.4 9.4 24.6 9.4 33.9 0l22.6-22.6c9.4-9.4 9.4-24.6 0-33.9L127.9 256l96.4-96.4c9.4-9.4 9.4-24.6 0-33.9L201.7 103c-9.4-9.4-24.6-9.4-33.9 0l-136 136c-9.5 9.4-9.5 24.6-.1 34z\"><\/path><\/svg>\t\t\t<\/span>\n\t\t\t\t\t\t\t\t\t<span class=\"elementor-button-text\">seznam p\u0159\u00edpad\u016f<\/span>\n\t\t\t\t\t<\/span>\n\t\t\t\t\t<\/a>\n\t\t\t\t<\/div>\n\t\t\t\t\t\t\t\t<\/div>\n\t\t\t\t<\/div>\n\t\t\t\t<div class=\"elementor-element elementor-element-e32bc77 elementor-widget elementor-widget-heading\" data-id=\"e32bc77\" data-element_type=\"widget\" data-widget_type=\"heading.default\">\n\t\t\t\t<div class=\"elementor-widget-container\">\n\t\t\t\t\t<h2 class=\"elementor-heading-title elementor-size-default\">L\u00edhe\u0148 Studenec, s.r.o.<\/h2>\t\t\t\t<\/div>\n\t\t\t\t<\/div>\n\t\t\t\t<div class=\"elementor-element elementor-element-e8e865d elementor-widget elementor-widget-heading\" data-id=\"e8e865d\" data-element_type=\"widget\" data-widget_type=\"heading.default\">\n\t\t\t\t<div class=\"elementor-widget-container\">\n\t\t\t\t\t<p class=\"elementor-heading-title elementor-size-default\">u\u017eivatel: [current_user_login]<\/p>\t\t\t\t<\/div>\n\t\t\t\t<\/div>\n\t\t\t\t<\/div>\n\t\t<div class=\"elementor-element elementor-element-ce2005b e-con-full e-flex e-con e-parent\" data-id=\"ce2005b\" data-element_type=\"container\">\n\t\t\t\t<div class=\"elementor-element elementor-element-c39fb4a elementor-widget elementor-widget-shortcode\" data-id=\"c39fb4a\" data-element_type=\"widget\" data-widget_type=\"shortcode.default\">\n\t\t\t\t<div class=\"elementor-widget-container\">\n\t\t\t\t\t\t\t<div class=\"elementor-shortcode\">\t\t\t<div id=\"wpsc-container\" style=\"display:none;\">\n\t\t\t\t<div class=\"wpsc-shortcode-container\">\n\t\t\t\t\t\t\t\t<div class=\"wpsc-auth-container\">\n\t\t\t\t<div class=\"auth-inner-container\">\n\t\t\t\t\t<h2>P\u0159ihlaste se<\/h2>\n\t\t\t\t\t<form onsubmit=\"return false;\" class=\"wpsc-login wpsc-default-login\">\n\t\t\t\t\t\t\n\t\t\t\t\t\t\t<input type=\"text\" name=\"username\" placeholder=\"Username \/ Email address\" autocomplete=\"off\"\/>\n\t\t\t\t\t\t\t<input type=\"password\" name=\"password\" placeholder=\"Heslo\"\/>\n\t\t\t\t\t\t\t<div class=\"checkbox-container remember-me\">\n\t\t\t\t\t\t\t\t<input id=\"wpsc-remember-me\" type=\"checkbox\" name=\"remember_me\" value=\"1\"\/>\n\t\t\t\t\t\t\t\t<label for=\"wpsc-remember-me\">Zapamatovat si m\u011b<\/label>\n\t\t\t\t\t\t\t<\/div>\n\t\t\t\t\t\t\t\n\t\t\t\t\t\t\t<button class=\"wpsc-button normal primary\" onclick=\"wpsc_submit_login_form(this)\">P\u0159ihl\u00e1sit se<\/button>\n\t\t\t\t\t\t\t<input type=\"hidden\" name=\"action\" value=\"wpsc_default_login\"\/>\n\t\t\t\t\t\t\t<input type=\"hidden\" name=\"_ajax_nonce\" value=\"1daa25c4c1\"\/>\n\t\t\t\t\t\t\t\t\t\t\t\t<\/form>\n\n\t\t\t\t\t<div class=\"auth-links\">\n\t\t\t\t\t\t\t\t\t\t\t\t\t<a class=\"wpsc-link wpsc-forgot-password\" href=\"https:\/\/isls.lihen-studenec.cz\/wp-login.php?action=lostpassword\">Zapomn\u011bli jste heslo?<\/a>\n\t\t\t\t\t\t\t\t\t\t\t\t<\/div>\n\t\t\t\t<\/div>\n\t\t\t\t<script>\n\t\t\t\t\t\/**\n\t\t\t\t\t * Submit default login form\n\t\t\t\t\t *\/\n\t\t\t\t\tfunction wpsc_submit_login_form(el) {\n\n\t\t\t\t\t\tvar dataform = new FormData(jQuery(el).closest('form')[0]);\n\t\t\t\t\t\tvar username = dataform.get('username').trim();\n\t\t\t\t\t\tvar password = dataform.get('password').trim();\n\t\t\t\t\t\tif (!username || !password) {\n\t\t\t\t\t\t\talert(supportcandy.translations.req_fields_missing);\n\t\t\t\t\t\t\treturn;\n\t\t\t\t\t\t}\n\t\t\t\t\t\t\n\t\t\t\t\t\t\twpsc_post_login_form(el, dataform);\n\t\t\t\t\t\t\t\t\t\t\t\t}\n\n\t\t\t\t\t\/**\n\t\t\t\t\t * Submit login form\n\t\t\t\t\t *\/\n\t\t\t\t\tfunction wpsc_post_login_form(el, dataform) {\n\n\t\t\t\t\t\tjQuery(el).text(supportcandy.translations.please_wait);\n\t\t\t\t\t\tjQuery.ajax({\n\t\t\t\t\t\t\turl: supportcandy.ajax_url,\n\t\t\t\t\t\t\ttype: 'POST',\n\t\t\t\t\t\t\tdata: dataform,\n\t\t\t\t\t\t\tprocessData: false,\n\t\t\t\t\t\t\tcontentType: false\n\t\t\t\t\t\t}).done(function (response) {\n\t\t\t\t\t\t\tif (response.success != 1) alert(supportcandy.translations.incorrect_login);\n\t\t\t\t\t\t}).fail(function (res) {\n\t\t\t\t\t\t\talert(supportcandy.translations.something_wrong);\n\t\t\t\t\t\t}).always(function () {\n\t\t\t\t\t\t\twindow.location.reload();\n\t\t\t\t\t\t});\n\t\t\t\t\t}\n\n\t\t\t\t\t\/**\n\t\t\t\t\t * Custom login\n\t\t\t\t\t *\/\n\t\t\t\t\tfunction wpsc_custom_login(el, url) {\n\n\t\t\t\t\t\tjQuery(el).text(supportcandy.translations.please_wait);\n\t\t\t\t\t\twindow.location.href = url;\n\t\t\t\t\t}\n\n\t\t\t\t\t\/**\n\t\t\t\t\t * Get default registration page\n\t\t\t\t\t *\/\n\t\t\t\t\tfunction wpsc_get_default_registration() {\n\n\t\t\t\t\t\tjQuery('.auth-inner-container').html(supportcandy.loader_html);\n\t\t\t\t\t\tvar data = { action: 'wpsc_get_default_registration' };\n\t\t\t\t\t\tjQuery.post(supportcandy.ajax_url, data, function (response) {\n\t\t\t\t\t\t\tjQuery('.auth-inner-container').html(response);\n\t\t\t\t\t\t});\n\t\t\t\t\t}\n\n\t\t\t\t\t\/**\n\t\t\t\t\t * Set default registration form\n\t\t\t\t\t *\/\n\t\t\t\t\tfunction wpsc_set_default_registration(el) {\n\n\t\t\t\t\t\tvar dataform = new FormData(jQuery(el).closest('form')[0]);\n\t\t\t\t\t\tvar firstname = dataform.get('firstname').trim();\n\t\t\t\t\t\tvar lastname = dataform.get('lastname').trim();\n\t\t\t\t\t\tvar username = dataform.get('username').trim();\n\t\t\t\t\t\tvar email_address = dataform.get('email_address').trim();\n\t\t\t\t\t\tvar password = dataform.get('password').trim();\n\t\t\t\t\t\tvar confirm_password = dataform.get('confirm_password').trim();\n\t\t\t\t\t\tvar isUsername = dataform.get('is_username').trim();\n\n\t\t\t\t\t\t\n\t\t\t\t\t\tif (!firstname || !lastname || !username || !email_address || !password || !confirm_password) {\n\t\t\t\t\t\t\talert(supportcandy.translations.req_fields_missing);\n\t\t\t\t\t\t\treturn;\n\t\t\t\t\t\t}\n\n\t\t\t\t\t\tif (!validateEmail(email_address)) {\n\t\t\t\t\t\t\talert(supportcandy.translations.incorrect_email);\n\t\t\t\t\t\t\treturn;\n\t\t\t\t\t\t}\n\n\t\t\t\t\t\tif (isUsername != 1) {\n\t\t\t\t\t\t\talert(supportcandy.translations.unsername_unavailable);\n\t\t\t\t\t\t\treturn;\n\t\t\t\t\t\t}\n\n\t\t\t\t\t\tif (password !== confirm_password) {\n\t\t\t\t\t\t\talert(supportcandy.translations.incorrect_password);\n\t\t\t\t\t\t\treturn;\n\t\t\t\t\t\t}\n\n\t\t\t\t\t\t\n\t\t\t\t\t\t\twpsc_authenticate_registration(el, dataform);\n\t\t\t\t\t\t\t\t\t\t\t\t}\n\n\t\t\t\t\t\/**\n\t\t\t\t\t * Post registration form\n\t\t\t\t\t *\/\n\t\t\t\t\tfunction wpsc_authenticate_registration(el, dataform) {\n\n\t\t\t\t\t\tjQuery('.auth-inner-container').html(supportcandy.loader_html);\n\t\t\t\t\t\tjQuery.ajax({\n\t\t\t\t\t\t\turl: supportcandy.ajax_url,\n\t\t\t\t\t\t\ttype: 'POST',\n\t\t\t\t\t\t\tdata: dataform,\n\t\t\t\t\t\t\tprocessData: false,\n\t\t\t\t\t\t\tcontentType: false\n\t\t\t\t\t\t}).done(function (res) {\n\t\t\t\t\t\t\tif (typeof(res) == \"object\") {\n\t\t\t\t\t\t\t\talert(supportcandy.translations.something_wrong);\n\t\t\t\t\t\t\t\twpsc_get_default_registration();\n\t\t\t\t\t\t\t} else {\n\t\t\t\t\t\t\t\tjQuery('.auth-inner-container').html(res);\n\t\t\t\t\t\t\t}\n\t\t\t\t\t\t}).fail(function (res) {\n\t\t\t\t\t\t\talert(supportcandy.translations.something_wrong);\n\t\t\t\t\t\t\twindow.location.reload();\n\t\t\t\t\t\t});\n\t\t\t\t\t}\n\n\t\t\t\t\t\/**\n\t\t\t\t\t * Register user\n\t\t\t\t\t *\/\n\t\t\t\t\tfunction wpsc_confirm_registration(el) {\n\n\t\t\t\t\t\tjQuery('.auth-inner-container').html(supportcandy.loader_html);\n\t\t\t\t\t\tvar dataform = new FormData(jQuery(el).closest('form')[0]);\n\t\t\t\t\t\tjQuery.ajax({\n\t\t\t\t\t\t\turl: supportcandy.ajax_url,\n\t\t\t\t\t\t\ttype: 'POST',\n\t\t\t\t\t\t\tdata: dataform,\n\t\t\t\t\t\t\tprocessData: false,\n\t\t\t\t\t\t\tcontentType: false\n\t\t\t\t\t\t}).done(function (res) {\n\t\t\t\t\t\t\tif (res.isSuccess == 1) {\n\t\t\t\t\t\t\t\twindow.location.reload();\n\t\t\t\t\t\t\t} else {\n\t\t\t\t\t\t\t\talert(supportcandy.translations.something_wrong);\n\t\t\t\t\t\t\t\twpsc_get_default_registration();\n\t\t\t\t\t\t\t}\n\t\t\t\t\t\t});\n\t\t\t\t\t}\n\n\t\t\t\t\t\/**\n\t\t\t\t\t * Get guest otp login screen\n\t\t\t\t\t *\n\t\t\t\t\t * @return void\n\t\t\t\t\t *\/\n\t\t\t\t\tfunction wpsc_get_guest_sign_in() {\n\n\t\t\t\t\t\tjQuery('.auth-inner-container').html(supportcandy.loader_html);\n\t\t\t\t\t\tvar data = { action: 'wpsc_get_guest_sign_in' };\n\t\t\t\t\t\tjQuery.post(supportcandy.ajax_url, data, function (res) {\n\t\t\t\t\t\t\tif (typeof(res) == \"object\") {\n\t\t\t\t\t\t\t\talert(supportcandy.translations.something_wrong);\n\t\t\t\t\t\t\t\twindow.location.reload();\n\t\t\t\t\t\t\t} else {\n\t\t\t\t\t\t\t\tjQuery('.auth-inner-container').html(res);\n\t\t\t\t\t\t\t}\n\t\t\t\t\t\t});\n\t\t\t\t\t}\n\n\t\t\t\t\t\/**\n\t\t\t\t\t * Send login OTP\n\t\t\t\t\t *\n\t\t\t\t\t * @return void\n\t\t\t\t\t *\/\n\t\t\t\t\tfunction wpsc_authenticate_guest_login(el) {\n\n\t\t\t\t\t\tvar dataform = new FormData(jQuery(el).closest('form')[0]);\n\n\t\t\t\t\t\tvar email_address = dataform.get('email_address').trim();\n\t\t\t\t\t\tif ( ! email_address ) {\n\t\t\t\t\t\t\talert(supportcandy.translations.req_fields_missing);\n\t\t\t\t\t\t\treturn;\n\t\t\t\t\t\t}\n\n\t\t\t\t\t\tif (!validateEmail(email_address)) {\n\t\t\t\t\t\t\talert(supportcandy.translations.incorrect_email);\n\t\t\t\t\t\t\treturn;\n\t\t\t\t\t\t}\n\n\t\t\t\t\t\tjQuery(el).text(supportcandy.translations.please_wait);\n\t\t\t\t\t\tjQuery.ajax({\n\t\t\t\t\t\t\turl: supportcandy.ajax_url,\n\t\t\t\t\t\t\ttype: 'POST',\n\t\t\t\t\t\t\tdata: dataform,\n\t\t\t\t\t\t\tprocessData: false,\n\t\t\t\t\t\t\tcontentType: false\n\t\t\t\t\t\t}).done(function (res) {\n\t\t\t\t\t\t\tif (typeof(res) == \"object\") {\n\t\t\t\t\t\t\t\talert(supportcandy.translations.something_wrong);\n\t\t\t\t\t\t\t\twpsc_get_guest_sign_in();\n\t\t\t\t\t\t\t} else {\n\t\t\t\t\t\t\t\tjQuery('.auth-inner-container').html(res);\n\t\t\t\t\t\t\t}\n\t\t\t\t\t\t}).fail(function (res) {\n\t\t\t\t\t\t\talert(supportcandy.translations.something_wrong);\n\t\t\t\t\t\t\twindow.location.reload();\n\t\t\t\t\t\t});\n\t\t\t\t\t}\n\n\t\t\t\t\t\/**\n\t\t\t\t\t * Confirm guest login auth\n\t\t\t\t\t *\n\t\t\t\t\t * @return void\n\t\t\t\t\t *\/\n\t\t\t\t\tfunction wpsc_confirm_guest_login(el) {\n\n\t\t\t\t\t\tjQuery('.auth-inner-container').html(supportcandy.loader_html);\n\t\t\t\t\t\tvar dataform = new FormData(jQuery(el).closest('form')[0]);\n\t\t\t\t\t\tjQuery.ajax({\n\t\t\t\t\t\t\turl: supportcandy.ajax_url,\n\t\t\t\t\t\t\ttype: 'POST',\n\t\t\t\t\t\t\tdata: dataform,\n\t\t\t\t\t\t\tprocessData: false,\n\t\t\t\t\t\t\tcontentType: false\n\t\t\t\t\t\t}).done(function (res) {\n\t\t\t\t\t\t\tif (res.isSuccess == 1) {\n\t\t\t\t\t\t\t\twindow.location.reload();\n\t\t\t\t\t\t\t} else {\n\t\t\t\t\t\t\t\talert(supportcandy.translations.something_wrong);\n\t\t\t\t\t\t\t\twpsc_get_guest_sign_in();\n\t\t\t\t\t\t\t}\n\t\t\t\t\t\t});\n\t\t\t\t\t}\n\t\t\t\t<\/script>\n\t\t\t<\/div>\n\t\t\t\t\t\t\t<\/div>\n\t\t\t<\/div>\n\t\t\t\n\t\t\t<div class=\"wpsc-page-snippets\" style=\"display: none;\">\n\t\t\t\t<div class=\"wpsc-editor-attachment upload-waiting\">\n\t\t\t\t\t<div class=\"attachment-label\"><\/div>\n\t\t\t\t\t<div class=\"attachment-remove\" onclick=\"wpsc_remove_attachment(this)\">\n\t\t\t\t\t<svg aria-hidden=\"true\" class=\"svg-inline--fa fa-times fa-w-11\" role=\"img\" xmlns=\"http:\/\/www.w3.org\/2000\/svg\" viewBox=\"0 0 352 512\"><path fill=\"currentColor\" d=\"M242.72 256l100.07-100.07c12.28-12.28 12.28-32.19 0-44.48l-22.24-22.24c-12.28-12.28-32.19-12.28-44.48 0L176 189.28 75.93 89.21c-12.28-12.28-32.19-12.28-44.48 0L9.21 111.45c-12.28 12.28-12.28 32.19 0 44.48L109.28 256 9.21 356.07c-12.28 12.28-12.28 32.19 0 44.48l22.24 22.24c12.28 12.28 32.2 12.28 44.48 0L176 322.72l100.07 100.07c12.28 12.28 32.2 12.28 44.48 0l22.24-22.24c12.28-12.28 12.28-32.19 0-44.48L242.72 256z\"><\/path><\/svg>\t\t\t\t\t<\/div>\n\t\t\t\t\t<div class=\"attachment-waiting\"><\/div>\n\t\t\t\t<\/div>\n\t\t\t<\/div>\n\t\t\t\n\t\t\t<script type=\"text\/javascript\">\n\n\t\t\t\t\/**\n\t\t\t\t * Get ticket list\n\t\t\t\t *\/\n\t\t\t\tfunction wpsc_get_ticket_list(is_humbargar = false) {\n\n\t\t\t\t\tsupportcandy.current_section = 'ticket-list';\n\n\t\t\t\t\tif (is_humbargar) wpsc_toggle_humbargar();\n\n\t\t\t\t\tif (wpsc_is_description_text()) {\n\t\t\t\t\t\tif ( !confirm(supportcandy.translations.warning_message)){\n\t\t\t\t\t\t\treturn;\n\t\t\t\t\t\t}  else {\n\t\t\t\t\t\t\tvar is_tinymce = (typeof tinyMCE != \"undefined\") && tinyMCE.activeEditor && !tinyMCE.activeEditor.isHidden();\n\t\t\t\t\t\t\tif (is_tinymce && tinymce.get('description')) {\n\t\t\t\t\t\t\t\tvar description = tinyMCE.get('description').setContent('');\n\t\t\t\t\t\t\t} else {\n\t\t\t\t\t\t\t\tvar description = jQuery('#description').val('');\n\t\t\t\t\t\t\t}\n\t\t\t\t\t\t\tticket_id = jQuery('#wpsc-current-ticket').val();\n\t\t\t\t\t\t\twpsc_clear_saved_draft_reply( ticket_id );\n\t\t\t\t\t\t}\n\t\t\t\t\t}\n\n\t\t\t\t\tvar id = supportcandy.current_ticket_id;\n\t\t\t\t\tif (id) {\n\t\t\t\t\t\tdelete supportcandy.current_ticket_id;\n\t\t\t\t\t\twpsc_get_individual_ticket(id);\n\t\t\t\t\t\treturn;\n\t\t\t\t\t}\n\n\t\t\t\t\t\/\/ set flag to differenciate between ticket list and individual ticket\n\t\t\t\t\tsupportcandy.ticketListIsIndividual = false;\n\n\t\t\t\t\tjQuery('.wpsc-tickets-nav, .wpsc-humbargar-menu-item').removeClass('active');\n\t\t\t\t\tjQuery('.wpsc-tickets-nav.ticket-list, .wpsc-humbargar-menu-item.ticket-list').addClass('active');\n\t\t\t\t\tjQuery('.wpsc-humbargar-title').html(supportcandy.humbargar_titles.ticket_list);\n\n\t\t\t\t\t\/\/ set url\n\t\t\t\t\tvar url = new URL(window.location.href);\n\t\t\t\t\tvar search_params = url.searchParams;\n\t\t\t\t\tsearch_params.set('wpsc-section', 'ticket-list');\n\t\t\t\t\tsearch_params.delete('ticket-id');\n\t\t\t\t\turl.search = search_params.toString();\n\t\t\t\t\twindow.history.replaceState({}, null, url.toString());\n\n\t\t\t\t\tjQuery('.wpsc-body').html(supportcandy.loader_html);\n\n\t\t\t\t\tvar data = {\n\t\t\t\t\t\taction: 'wpsc_get_ticket_list',\n\t\t\t\t\t\t_ajax_nonce: supportcandy.nonce,\n\t\t\t\t\t\tis_frontend: supportcandy.is_frontend\n\t\t\t\t\t};\n\t\t\t\t\tsearch_params.forEach(function(value, key) {\n\t\t\t\t\t\tdata[key] = value;\n\t\t\t\t\t});\n\t\t\t\t\tif (typeof supportcandy.ticketList != 'undefined' && typeof supportcandy.ticketList.filters != 'undefined') {\n\t\t\t\t\t\tdata.filters = supportcandy.ticketList.filters;\n\t\t\t\t\t}\n\t\t\t\t\tjQuery.post(supportcandy.ajax_url, data, function (response) {\n\t\t\t\t\t\tjQuery('.wpsc-body').html(response);\n\t\t\t\t\t\twpsc_reset_responsive_style();\n\t\t\t\t\t});\n\t\t\t\t\twpsc_delete_auto_draft();\n\t\t\t\t}\n\n\t\t\t\t\/**\n\t\t\t\t * Get individual ticket\n\t\t\t\t *\/\n\t\t\t\tfunction wpsc_get_individual_ticket(id) {\n\n\t\t\t\t\tjQuery('.wpsc-tickets-nav, .wpsc-humbargar-menu-item').removeClass('active');\n\t\t\t\t\tjQuery('.wpsc-tickets-nav.ticket-list, .wpsc-humbargar-menu-item.ticket-list').addClass('active');\n\t\t\t\t\tjQuery('.wpsc-humbargar-title').html(supportcandy.humbargar_titles.ticket_list);\n\n\t\t\t\t\t\/\/ set url\n\t\t\t\t\tvar url = new URL(window.location.href);\n\t\t\t\t\tvar search_params = url.searchParams;\n\t\t\t\t\tsearch_params.set('wpsc-section', 'ticket-list');\n\t\t\t\t\tsearch_params.set('ticket-id', id);\n\t\t\t\t\turl.search = search_params.toString();\n\t\t\t\t\twindow.history.replaceState({}, null, url.toString());\n\n\t\t\t\t\tjQuery('.wpsc-body').html(supportcandy.loader_html);\n\n\t\t\t\t\t\/\/ set flag to differenciate between ticket list and individual ticket\n\t\t\t\t\tsupportcandy.ticketListIsIndividual = true;\n\n\t\t\t\t\tvar data = {\n\t\t\t\t\t\taction: 'wpsc_get_individual_ticket',\n\t\t\t\t\t\tticket_id: id,\n\t\t\t\t\t};\n\t\t\t\t\tsearch_params.forEach(function(value, key) {\n\t\t\t\t\t\tdata[key] = value;\n\t\t\t\t\t});\n\t\t\t\t\tjQuery.post(supportcandy.ajax_url, data, function (response) {\n\t\t\t\t\t\tjQuery('.wpsc-body').html(response);\n\t\t\t\t\t\twpsc_reset_responsive_style();\n\t\t\t\t\t});\n\t\t\t\t}\n\n\t\t\t\t\/**\n\t\t\t\t * Get create ticket form\n\t\t\t\t *\/\n\t\t\t\tfunction wpsc_get_ticket_form(is_humbargar = false) {\n\t\t\t\t\t\n\t\t\t\t\tsupportcandy.current_section = 'new-ticket';\n\n\t\t\t\t\tif (is_humbargar) wpsc_toggle_humbargar();\n\n\t\t\t\t\tif (wpsc_is_description_text()) {\n\t\t\t\t\t\tif ( confirm(supportcandy.translations.warning_message)){\n\t\t\t\t\t\t\tcurrent_ticket = jQuery('#wpsc-current-ticket').val();\n\t\t\t\t\t\t\twpsc_clear_saved_draft_reply( current_ticket );\n\t\t\t\t\t\t} else{\n\t\t\t\t\t\t\treturn;\n\t\t\t\t\t\t}\n\t\t\t\t\t}\n\n\t\t\t\t\tjQuery('.wpsc-tickets-nav, .wpsc-humbargar-menu-item').removeClass('active');\n\t\t\t\t\tjQuery('.wpsc-tickets-nav.new-ticket, .wpsc-humbargar-menu-item.new-ticket').addClass('active');\n\t\t\t\t\tjQuery('.wpsc-humbargar-title').html(supportcandy.humbargar_titles.new_ticket);\n\n\t\t\t\t\t\/\/ set url\n\t\t\t\t\tvar url = new URL(window.location.href);\n\t\t\t\t\tvar search_params = url.searchParams;\n\t\t\t\t\tsearch_params.set('wpsc-section', 'new-ticket');\n\t\t\t\t\tsearch_params.delete('ticket-id');\n\t\t\t\t\turl.search = search_params.toString();\n\t\t\t\t\twindow.history.replaceState({}, null, url.toString());\n\n\t\t\t\t\tjQuery('.wpsc-body').html(supportcandy.loader_html);\n\n\t\t\t\t\tvar data = {\n\t\t\t\t\t\taction: 'wpsc_get_ticket_form',\n\t\t\t\t\t\t_ajax_nonce: supportcandy.nonce\n\t\t\t\t\t};\n\t\t\t\t\tsearch_params.forEach(function(value, key) {\n\t\t\t\t\t\tdata[key] = value;\n\t\t\t\t\t});\n\t\t\t\t\tjQuery.post(supportcandy.ajax_url, data, function (response) {\n\t\t\t\t\t\tjQuery('.wpsc-body').html(response);\n\t\t\t\t\t\twpsc_reset_responsive_style();\n\t\t\t\t\t});\n\t\t\t\t}\n\n\t\t\t\t\/**\n\t\t\t\t * Get agent settings\n\t\t\t\t *\/\n\t\t\t\tfunction wpsc_get_user_profile(is_humbargar = false) {\n\n\t\t\t\t\tsupportcandy.current_section = 'my-profile';\n\n\t\t\t\t\tif (is_humbargar) wpsc_toggle_humbargar();\n\n\t\t\t\t\tjQuery('.wpsc-tickets-nav, .wpsc-humbargar-menu-item').removeClass('active');\n\t\t\t\t\tjQuery('.wpsc-tickets-nav.my-profile, .wpsc-humbargar-menu-item.my-profile').addClass('active');\n\t\t\t\t\tjQuery('.wpsc-humbargar-title').html(supportcandy.humbargar_titles.my_profile);\n\n\t\t\t\t\t\/\/ set url\n\t\t\t\t\tvar url = new URL(window.location.href);\n\t\t\t\t\tvar search_params = url.searchParams;\n\t\t\t\t\tsearch_params.set('wpsc-section', 'my-profile');\n\t\t\t\t\tsearch_params.delete('ticket-id');\n\t\t\t\t\turl.search = search_params.toString();\n\t\t\t\t\twindow.history.replaceState({}, null, url.toString());\n\n\t\t\t\t\tjQuery('.wpsc-body').html(supportcandy.loader_html);\n\n\t\t\t\t\tvar data = { action: 'wpsc_get_user_profile' };\n\t\t\t\t\tsearch_params.forEach(function(value, key) {\n\t\t\t\t\t\tdata[key] = value;\n\t\t\t\t\t});\n\t\t\t\t\tjQuery.post(supportcandy.ajax_url, data, function (response) {\n\t\t\t\t\t\tjQuery('.wpsc-body').html(response);\n\t\t\t\t\t\twpsc_reset_responsive_style();\n\t\t\t\t\t});\n\t\t\t\t}\n\n\t\t\t\t\/**\n\t\t\t\t * Get agent settings\n\t\t\t\t *\/\n\t\t\t\tfunction wpsc_get_agent_profile(is_humbargar = false) {\n\n\t\t\t\t\tsupportcandy.current_section = 'agent-profile';\n\n\t\t\t\t\tif (is_humbargar) wpsc_toggle_humbargar();\n\n\t\t\t\t\tjQuery('.wpsc-tickets-nav, .wpsc-humbargar-menu-item').removeClass('active');\n\t\t\t\t\tjQuery('.wpsc-tickets-nav.agent-profile, .wpsc-humbargar-menu-item.agent-profile').addClass('active');\n\t\t\t\t\tjQuery('.wpsc-humbargar-title').html(supportcandy.humbargar_titles.agent_profile);\n\n\t\t\t\t\t\/\/ set url\n\t\t\t\t\tvar url = new URL(window.location.href);\n\t\t\t\t\tvar search_params = url.searchParams;\n\t\t\t\t\tsearch_params.set('wpsc-section', 'agent-profile');\n\t\t\t\t\tsearch_params.delete('ticket-id');\n\t\t\t\t\turl.search = search_params.toString();\n\t\t\t\t\twindow.history.replaceState({}, null, url.toString());\n\n\t\t\t\t\tjQuery('.wpsc-body').html(supportcandy.loader_html);\n\n\t\t\t\t\tvar data = { action: 'wpsc_get_agent_profile' };\n\t\t\t\t\tsearch_params.forEach(function(value, key) {\n\t\t\t\t\t\tdata[key] = value;\n\t\t\t\t\t});\n\t\t\t\t\tjQuery.post(supportcandy.ajax_url, data, function (response) {\n\t\t\t\t\t\tjQuery('.wpsc-body').html(response);\n\t\t\t\t\t\twpsc_reset_responsive_style();\n\t\t\t\t\t\tjQuery('.wpsc-ap-nav.general').trigger('click');\n\t\t\t\t\t});\n\t\t\t\t}\n\n\t\t\t\t\/**\n\t\t\t\t * Get agent dashboard\n\t\t\t\t *\/\n\t\t\t\tfunction wpsc_get_agent_dashboard(is_humbargar = false) {\n\n\t\t\t\t\tsupportcandy.current_section = 'dashboard';\n\n\t\t\t\t\tif (is_humbargar) {\n\t\t\t\t\t\twpsc_toggle_humbargar();\n\t\t\t\t\t}\n\n\t\t\t\t\tjQuery( '.wpsc-tickets-nav, .wpsc-humbargar-menu-item' ).removeClass( 'active' );\n\t\t\t\t\tjQuery( '.wpsc-tickets-nav.dashboard, .wpsc-humbargar-menu-item.dashboard' ).addClass( 'active' );\n\t\t\t\t\tjQuery( '.wpsc-humbargar-title' ).html( supportcandy.humbargar_titles.dashboard );\n\n\t\t\t\t\t\/\/ set url\n\t\t\t\t\tvar url = new URL(window.location.href);\n\t\t\t\t\tvar search_params = url.searchParams;\n\t\t\t\t\tsearch_params.set('wpsc-section', 'dashboard');\n\t\t\t\t\tsearch_params.delete('ticket-id');\n\t\t\t\t\turl.search = search_params.toString();\n\t\t\t\t\twindow.history.replaceState({}, null, url.toString());\n\t\t\t\t\tjQuery( '.wpsc-body' ).html( supportcandy.loader_html );\n\n\t\t\t\t\tvar data = { action: 'wpsc_get_agent_dashboard' };\n\t\t\t\t\tsearch_params.forEach(function(value, key) {\n\t\t\t\t\t\tdata[key] = value;\n\t\t\t\t\t});\n\n\t\t\t\t\tjQuery.post(\n\t\t\t\t\t\tsupportcandy.ajax_url,\n\t\t\t\t\t\tdata,\n\t\t\t\t\t\tfunction (response) {\n\t\t\t\t\t\t\tjQuery( '.wpsc-body' ).html( response );\n\t\t\t\t\t\t\twpsc_reset_responsive_style();\n\t\t\t\t\t\t\tjQuery( '.wpsc-ap-nav.general' ).trigger( 'click' );\n\t\t\t\t\t\t}\n\t\t\t\t\t);\n\t\t\t\t}\n\n\t\t\t\t\/**\n\t\t\t\t * Get create ticket as guest\n\t\t\t\t *\/\n\t\t\t\tfunction wpsc_get_guest_ticket_form() {\n\n\t\t\t\t\tjQuery('.wpsc-shortcode-container').html('<div class=\"wpsc-body\"><\/div>');\n\t\t\t\t\twpsc_get_ticket_form();\n\t\t\t\t}\n\t\t\t<\/script>\n\t\t\t<\/div>\n\t\t\t\t\t\t<\/div>\n\t\t\t\t<\/div>\n\t\t\t\t<\/div>\n\t\t<div class=\"elementor-element elementor-element-8d43ab0 e-grid e-con-full e-con e-parent\" data-id=\"8d43ab0\" data-element_type=\"container\">\n\t\t\t\t<div class=\"elementor-element elementor-element-61587e3 elementor-align-right elementor-widget elementor-widget-button\" data-id=\"61587e3\" data-element_type=\"widget\" data-widget_type=\"button.default\">\n\t\t\t\t<div class=\"elementor-widget-container\">\n\t\t\t\t\t\t\t\t\t<div class=\"elementor-button-wrapper\">\n\t\t\t\t\t<a class=\"elementor-button elementor-button-link elementor-size-sm\" href=\"https:\/\/isls.lihen-studenec.cz\/?wpsc-section=new-ticket\" target=\"_blank\">\n\t\t\t\t\t\t<span class=\"elementor-button-content-wrapper\">\n\t\t\t\t\t\t<span class=\"elementor-button-icon\">\n\t\t\t\t<svg aria-hidden=\"true\" class=\"e-font-icon-svg e-fas-check-double\" viewBox=\"0 0 512 512\" xmlns=\"http:\/\/www.w3.org\/2000\/svg\"><path d=\"M505 174.8l-39.6-39.6c-9.4-9.4-24.6-9.4-33.9 0L192 374.7 80.6 263.2c-9.4-9.4-24.6-9.4-33.9 0L7 302.9c-9.4 9.4-9.4 24.6 0 34L175 505c9.4 9.4 24.6 9.4 33.9 0l296-296.2c9.4-9.5 9.4-24.7.1-34zm-324.3 106c6.2 6.3 16.4 6.3 22.6 0l208-208.2c6.2-6.3 6.2-16.4 0-22.6L366.1 4.7c-6.2-6.3-16.4-6.3-22.6 0L192 156.2l-55.4-55.5c-6.2-6.3-16.4-6.3-22.6 0L68.7 146c-6.2 6.3-6.2 16.4 0 22.6l112 112.2z\"><\/path><\/svg>\t\t\t<\/span>\n\t\t\t\t\t\t\t\t\t<span class=\"elementor-button-text\">vytvo\u0159it nov\u00fd p\u0159\u00edpad<\/span>\n\t\t\t\t\t<\/span>\n\t\t\t\t\t<\/a>\n\t\t\t\t<\/div>\n\t\t\t\t\t\t\t\t<\/div>\n\t\t\t\t<\/div>\n\t\t\t\t<\/div>\n\t\t\t\t<\/div>\n\t\t","protected":false},"excerpt":{"rendered":"<p>seznam p\u0159\u00edpad\u016f L\u00edhe\u0148 Studenec, s.r.o. u\u017eivatel: [current_user_login] vytvo\u0159it nov\u00fd p\u0159\u00edpad<\/p>\n","protected":false},"author":1,"featured_media":0,"parent":0,"menu_order":0,"comment_status":"closed","ping_status":"closed","template":"elementor_canvas","meta":{"footnotes":""},"class_list":["post-11","page","type-page","status-publish","hentry"],"_links":{"self":[{"href":"https:\/\/isls.lihen-studenec.cz\/index.php\/wp-json\/wp\/v2\/pages\/11","targetHints":{"allow":["GET"]}}],"collection":[{"href":"https:\/\/isls.lihen-studenec.cz\/index.php\/wp-json\/wp\/v2\/pages"}],"about":[{"href":"https:\/\/isls.lihen-studenec.cz\/index.php\/wp-json\/wp\/v2\/types\/page"}],"author":[{"embeddable":true,"href":"https:\/\/isls.lihen-studenec.cz\/index.php\/wp-json\/wp\/v2\/users\/1"}],"replies":[{"embeddable":true,"href":"https:\/\/isls.lihen-studenec.cz\/index.php\/wp-json\/wp\/v2\/comments?post=11"}],"version-history":[{"count":173,"href":"https:\/\/isls.lihen-studenec.cz\/index.php\/wp-json\/wp\/v2\/pages\/11\/revisions"}],"predecessor-version":[{"id":203,"href":"https:\/\/isls.lihen-studenec.cz\/index.php\/wp-json\/wp\/v2\/pages\/11\/revisions\/203"}],"wp:attachment":[{"href":"https:\/\/isls.lihen-studenec.cz\/index.php\/wp-json\/wp\/v2\/media?parent=11"}],"curies":[{"name":"wp","href":"https:\/\/api.w.org\/{rel}","templated":true}]}}